{"id":293,"date":"2021-09-21T12:22:17","date_gmt":"2021-09-21T12:22:17","guid":{"rendered":"https:\/\/mainfortevaudreuil.com\/collaborateurs\/"},"modified":"2025-05-14T20:02:45","modified_gmt":"2025-05-14T20:02:45","slug":"collaborators","status":"publish","type":"page","link":"https:\/\/mainfortevaudreuil.com\/en\/collaborators\/","title":{"rendered":"The collaborators"},"content":{"rendered":"\n<h1>\n\t\tThe collaborators\n\t<\/h1>\n\t\t\t\t<img decoding=\"async\" src=\"https:\/\/mainfortevaudreuil.com\/wp-content\/uploads\/2021\/09\/photo-isabelle-trudelle-collaboratrice-mainforte.jpg\" alt=\"photo-isabelle-trudelle-collaboratrice-mainforte\" title=\"photo-isabelle-trudelle-collaboratrice-mainforte\" itemprop=\"image\"  \/>\n\t\t\t<h2>Isabelle Trudelle<\/h2><h5>Travailleuse sociale | Service offered in French only<\/h5>\t\t\t\n\t\t\t\t<p>D\u00e9tenant un baccalaur\u00e9at en service social de l&#8217;Universit\u00e9 Laval, Mme Trudelle cumule 13 ans d&#8217;exp\u00e9rience \u00e0 travailler aupr\u00e8s des gens dans le besoin. Elle pratique d\u00e9sormais au priv\u00e9 \u00e0 temps complet principalement aupr\u00e8s d&#8217;une client\u00e8le ayant des probl\u00e8mes de sant\u00e9 mentale vari\u00e9e, mais aussi \u00e0 la r\u00e9alisation d&#8217;\u00e9valuation dans le cadre d&#8217;homologation de mandat de protection ou l&#8217;ouverture de r\u00e9gime de protection.<\/p>\n\t\t\t<h4>Une approche rassurante<\/h4>\t\t\t\n\t\t\t\t<p>L&#8217;approche clinique d&#8217;Isabelle Trudelle est centr\u00e9e sur le client et ses besoins. Son objectif \u00e9tant de vous fournir des outils concrets, mais aussi de vous faire \u00e9voluer vers une version am\u00e9lior\u00e9e de vous-m\u00eame. Son \u00e9coute attentive et respectueuse ainsi que son accompagnement professionnel seront des atouts dans votre cheminement personnel.<\/p>\n\tAppelez-la d\u00e8s aujourd&#8217;hui<br \/>\n438 883-5850\n<h3>\n\t\tChamps de pratique\n\t<\/h3>\n\t\t\t\t<img decoding=\"async\" src=\"https:\/\/mainfortevaudreuil.com\/wp-content\/uploads\/2025\/05\/photo-collaborateur-mary-katherine-mc_mahon.jpg\" alt=\"photo-collaborateur-mary-katherine-mc_mahon\" title=\"photo-collaborateur-mary-katherine-mc_mahon\" itemprop=\"image\"  \/>\n\t\t\t<h2>Mary-Katherine McMahon<\/h2><h5>Registered Physiotherapist<\/h5>\t\t\t\n\t\t\t\t<p>Mary-Katherine earned her Master of Science in Physical Therapy from the University of Toronto in 2014, and her Bachelor of Science in Kinesiology from McGill in 2011. She has been working full-time as a physiotherapist in private practice orthopedics for the last eight years, and works hard to continuously develop her clinical assessment and treatment skills, particularly with respect to manual therapy (i.e. \u00abhands-on\u00bb treatment). She has developed a treatment approach which consists of manual therapy often coupled with extracorporeal shockwave therapy (ESWT), which proves to be highly effective in treating a variety of musculoskeletal conditions. ESWT helps to increase blood flow to the injured or painful tissues, decreasing inflammation, and increasing the efficiency of healing. ESWT has an anesthetic effect post-treatment, thereby decreasing patient sensitivity, both in acute and chronic conditions. As such, an approach combining the therapeutic effects of ESWT and manual therapy allows the patient to experience, overall, a less painful and more rapid recovery.<\/p>\n<p>Mary-Katherine possesses her Level 1 and 2 certifications in Medical Yoga Therapy for registered health care professionals. Yoga is one of Mary-Katherine&#8217;s personal passions, and the therapeutic effects of yoga, both short and long-term, are boundless. She often uses yoga poses and\/or routines in her practice as an adjunct to the hands-on treatment she provides. Yoga not only increases range of motion, flexibility, balance, and strength, but it also increases one&#8217;s body awareness, which is crucial to effective healing.<\/p>\n\tCall her today<br \/>\n514 941-2734\n\t\t\t\t<img decoding=\"async\" src=\"https:\/\/mainfortevaudreuil.com\/wp-content\/plugins\/bb-plugin\/img\/pixel.png\" alt=\"photo-collaborateur-mary-katherine-mc_mahon\" title=\"photo-collaborateur-mary-katherine-mc_mahon\" itemprop=\"image\"  \/>\n\t\t\t<h2>Jennifer McMahon<\/h2><h5>Masso-Kinesitherapist<\/h5>\t\t\t\n\t\t\t\t<p>Jennifer graduated from Concordia University in 2003 with a Bachelor of Science in Athletic Therapy and Clinical Exercise Physiology. That year, she also became a Certified Strength and Conditioning Specialist (CSCS) from the National Strength and Conditioning Association. In 2005, after completing the program at the Institut Kin\u00e9-Concept de Montr\u00e9al, she obtained the title of Masso-Kinesitherapist.<\/p>\n<p>Over the years, Jennifer has worked with many diRerent athletes, including members of the Montreal Impact, QMJHL players, Cirque du Soleil artists, as well as many of the best Irish dancers in Eastern Canada.<\/p>\n\tCall her today<br \/>\n514 941-2734\n\t\t\t\t<img decoding=\"async\" src=\"https:\/\/mainfortevaudreuil.com\/wp-content\/uploads\/2025\/01\/photo-francine-prevost-mainforte.jpg\" alt=\"photo-francine-prevost-mainforte\" title=\"photo-francine-prevost-mainforte\" itemprop=\"image\"  \/>\n\t\t\t<h2>Francine Pr\u00e9vost<\/h2><h5>Nutritionist Dietitian<\/h5>\t\t\t\n\t\t\t\t<p>Graduated from McGill University and member of l&#8217;Ordre des di\u00e9t\u00e9tistes-nutritionnistes du Qu\u00e9bec, Ms Pr\u00e9vost is a private practitioner with 35 years of experience. She acquired a simple and personalized teaching method through those years, and proposes realistic and gradual changes.<\/p>\n<p>She is well known for her energy, enthusiasm, human approach, empathy and her passion for nutrition.<\/p>\n<p>She teaches the principles of a well-balanced diet based on the health status, the social, financial and family status of her clients. She ensures their compliance by building trust and leading them to reach their goal.<\/p>\n<p>Ms Pr\u00e9vost works in collaboration with doctors and health professionals to guide her clients throughout different life stages in order to improve their heart condition, blood pressure, diabetes, energy level, intestinal problems, menopause, food intolerances, weight management&#8230;and to guide them in developing and maintaining better health habits.<\/p>\n\tCall her today<br \/>\n450 424-9141\n\t\t\t\t<img decoding=\"async\" src=\"https:\/\/mainfortevaudreuil.com\/wp-content\/uploads\/2025\/01\/photo-jilian-mainforte.jpg\" alt=\"photo-jilian-mainforte\" title=\"photo-jilian-mainforte\" itemprop=\"image\"  \/>\n\t\t\t<h2>Jillian Rudnitsky<\/h2><h5>Social Worker<\/h5>\t\t\t\n\t\t\t\t<p>Jillian Rudnitsky has her M.S.W. from McGill University and has 15 years of experience working as a Clinical Social Worker offering individual counseling to children, adolescents, and young adults aged 10 years old and up in a private practice as well as in elementary and high school settings. Jillian helps support clients through the personal challenges that they are experiencing and assists them in developing skills that will help them build and maintain healthy relationships. The primary focus of her work has been on appropriate social development, self-regulation, life cycle transitions and anxiety management. Her mission is to nourish client&#8217;s individual strengths in order to foster social and emotional growth and exploration.<\/p>\n<p>Jillian offers services to individuals and provides parenting support when needed. Her creative strength-based approach allows her to connect with clients at their level and helps them advance towards their goals at their own pace. Individual counseling and skill building sessions for children, adolescents, and young adults provide a safe space to discuss issues related to topics such as life cycle transitions, social adjustment, self-esteem, bullying, risk taking behaviours, trauma and mental health challenges. Jillian also facilitates parent and educator workshops.<\/p>\n\t<p>Contact her by e-mail today<\/p>\n\t\t\t\t<img decoding=\"async\" src=\"https:\/\/mainfortevaudreuil.com\/wp-content\/uploads\/2021\/09\/photo-sean-terriah-collaborateur-mainforte.jpg\" alt=\"photo-sean-terriah-collaborateur-mainforte\" title=\"photo-sean-terriah-collaborateur-mainforte\" itemprop=\"image\"  \/>\n\t\t\t<h2>Sean Terriah<\/h2><h5>Professional Coach<\/h5>\t\t\t\n\t\t\t\t<p>Sean Terriah is an executive IT consultant and former CIO and CTO with 25+ years of experience across global organizations in Aerospace &amp; Defense, Transportation, Logistics, Financial Services, e-Commerce, Product Development and Management Consulting.<\/p>\n<p>He&#8217;s a certified personal and professional coach from the John Molson Executive Center and offer coaching services to IT and business leaders.<\/p>\n<p>If you&#8217;re starting a new role or project don&#8217;t hesitate to contact him for a 15 minutes consultation, call to discuss your objectives and how he can support you in your journey.<\/p>\n\tCall him today<br \/>\n514 606-7042\n\t\t\t\t<img decoding=\"async\" src=\"https:\/\/mainfortevaudreuil.com\/wp-content\/uploads\/2021\/09\/icone-logo-mains-mainforte.png\" alt=\"icone-logo-mains-mainforte\" title=\"icone-logo-mains-mainforte\" itemprop=\"image\"  \/>\n\t\t\t<h2>Mainforte<\/h2><h5>Individual and family professional services<\/h5>\t\t\t\n\t\t\t\t6, Saint-Michel Street<br \/>\nVaudreuil-Dorion, Quebec<br \/>\nJ7V 1E7\n<p>P. 450 218-0559<\/p>\n\t<iframe src=\"https:\/\/www.google.com\/maps\/embed\/v1\/place?q=6+Rue+Saint-Michel%2C+Vaudreuil-Dorion%2C+QC&#038;key=AIzaSyD09zQ9PNDNNy9TadMuzRV_UsPUoWKntt8\" aria-hidden=\"true\"><\/iframe>\n\t<a href=\"https:\/\/mainfortevaudreuil.com\/wp-content\/uploads\/2023\/05\/Privacy-Policy-Mainforte.pdf\" target=\"_blank\" rel=\"noopener\">Privacy Policy<\/a><br \/>\nProtection of Personal Information\n\n","protected":false},"excerpt":{"rendered":"<p>The collaborators Isabelle Trudelle Travailleuse sociale | Service offered in French only D\u00e9tenant un baccalaur\u00e9at en service social de l&#8217;Universit\u00e9 Laval, Mme Trudelle cumule 13 ans d&#8217;exp\u00e9rience \u00e0 travailler aupr\u00e8s des gens dans le besoin. Elle pratique d\u00e9sormais au priv\u00e9 \u00e0 temps complet principalement aupr\u00e8s d&#8217;une client\u00e8le ayant des probl\u00e8mes de sant\u00e9 mentale vari\u00e9e, mais [&hellip;]<\/p>\n","protected":false},"author":1,"featured_media":0,"parent":0,"menu_order":0,"comment_status":"closed","ping_status":"closed","template":"","meta":{"site-sidebar-layout":"default","site-content-layout":"default","ast-site-content-layout":"","site-content-style":"default","site-sidebar-style":"default","ast-global-header-display":"","ast-banner-title-visibility":"","ast-main-header-display":"","ast-hfb-above-header-display":"","ast-hfb-below-header-display":"","ast-hfb-mobile-header-display":"","site-post-title":"disabled","ast-breadcrumbs-content":"","ast-featured-img":"","footer-sml-layout":"","theme-transparent-header-meta":"default","adv-header-id-meta":"","stick-header-meta":"default","header-above-stick-meta":"","header-main-stick-meta":"","header-below-stick-meta":"","astra-migrate-meta-layouts":"default","ast-page-background-enabled":"default","ast-page-background-meta":{"desktop":{"background-color":"","background-image":"","background-repeat":"repeat","background-position":"center center","background-size":"auto","background-attachment":"scroll","background-type":"","background-media":"","overlay-type":"","overlay-color":"","overlay-opacity":"","overlay-gradient":""},"tablet":{"background-color":"","background-image":"","background-repeat":"repeat","background-position":"center center","background-size":"auto","background-attachment":"scroll","background-type":"","background-media":"","overlay-type":"","overlay-color":"","overlay-opacity":"","overlay-gradient":""},"mobile":{"background-color":"","background-image":"","background-repeat":"repeat","background-position":"center center","background-size":"auto","background-attachment":"scroll","background-type":"","background-media":"","overlay-type":"","overlay-color":"","overlay-opacity":"","overlay-gradient":""}},"ast-content-background-meta":{"desktop":{"background-color":"var(--ast-global-color-5)","background-image":"","background-repeat":"repeat","background-position":"center center","background-size":"auto","background-attachment":"scroll","background-type":"","background-media":"","overlay-type":"","overlay-color":"","overlay-opacity":"","overlay-gradient":""},"tablet":{"background-color":"var(--ast-global-color-5)","background-image":"","background-repeat":"repeat","background-position":"center center","background-size":"auto","background-attachment":"scroll","background-type":"","background-media":"","overlay-type":"","overlay-color":"","overlay-opacity":"","overlay-gradient":""},"mobile":{"background-color":"var(--ast-global-color-5)","background-image":"","background-repeat":"repeat","background-position":"center center","background-size":"auto","background-attachment":"scroll","background-type":"","background-media":"","overlay-type":"","overlay-color":"","overlay-opacity":"","overlay-gradient":""}},"footnotes":""},"class_list":["post-293","page","type-page","status-publish","hentry"],"_links":{"self":[{"href":"https:\/\/mainfortevaudreuil.com\/en\/wp-json\/wp\/v2\/pages\/293","targetHints":{"allow":["GET"]}}],"collection":[{"href":"https:\/\/mainfortevaudreuil.com\/en\/wp-json\/wp\/v2\/pages"}],"about":[{"href":"https:\/\/mainfortevaudreuil.com\/en\/wp-json\/wp\/v2\/types\/page"}],"author":[{"embeddable":true,"href":"https:\/\/mainfortevaudreuil.com\/en\/wp-json\/wp\/v2\/users\/1"}],"replies":[{"embeddable":true,"href":"https:\/\/mainfortevaudreuil.com\/en\/wp-json\/wp\/v2\/comments?post=293"}],"version-history":[{"count":20,"href":"https:\/\/mainfortevaudreuil.com\/en\/wp-json\/wp\/v2\/pages\/293\/revisions"}],"predecessor-version":[{"id":609,"href":"https:\/\/mainfortevaudreuil.com\/en\/wp-json\/wp\/v2\/pages\/293\/revisions\/609"}],"wp:attachment":[{"href":"https:\/\/mainfortevaudreuil.com\/en\/wp-json\/wp\/v2\/media?parent=293"}],"curies":[{"name":"wp","href":"https:\/\/api.w.org\/{rel}","templated":true}]}}